{"id":503,"date":"2023-10-14T12:38:29","date_gmt":"2023-10-14T12:38:29","guid":{"rendered":"https:\/\/moneyhub.ee\/?page_id=503"},"modified":"2025-10-07T10:19:34","modified_gmt":"2025-10-07T08:19:34","slug":"fuel-price","status":"publish","type":"page","link":"https:\/\/moneyhub.ee\/en\/price-updates\/fuel-price\/","title":{"rendered":"Fuel Price"},"content":{"rendered":"\t\t<div data-elementor-type=\"wp-page\" data-elementor-id=\"503\" class=\"elementor elementor-503\" data-elementor-post-type=\"page\">\n\t\t\t\t<div class=\"elementor-element elementor-element-4d6f1136 e-flex e-con-boxed e-con e-parent\" data-id=\"4d6f1136\" data-element_type=\"container\" data-e-type=\"container\">\n\t\t\t\t\t<div class=\"e-con-inner\">\n\t\t\t\t<div class=\"elementor-element elementor-element-4e0622f4 elementor-widget elementor-widget-shortcode\" data-id=\"4e0622f4\" data-element_type=\"widget\" data-e-type=\"widget\" data-widget_type=\"shortcode.default\">\n\t\t\t\t<div class=\"elementor-widget-container\">\n\t\t\t\t\t\t\t<div class=\"elementor-shortcode\"><nav aria-label=\"breadcrumbs\" class=\"rank-math-breadcrumb\"><p><\/p><\/nav><\/div>\n\t\t\t\t\t\t<\/div>\n\t\t\t\t<\/div>\n\t\t\t\t\t<\/div>\n\t\t\t\t<\/div>\n\t\t<div class=\"elementor-element elementor-element-518c0693 e-flex e-con-boxed e-con e-parent\" data-id=\"518c0693\" data-element_type=\"container\" data-e-type=\"container\">\n\t\t\t\t\t<div class=\"e-con-inner\">\n\t\t<div class=\"elementor-element elementor-element-1f67487b ddddf e-flex e-con-boxed e-con e-child\" data-id=\"1f67487b\" data-element_type=\"container\" data-e-type=\"container\" data-settings=\"{&quot;background_background&quot;:&quot;classic&quot;}\">\n\t\t\t\t\t<div class=\"e-con-inner\">\n\t\t\t\t\t<\/div>\n\t\t\t\t<\/div>\n\t\t\t\t\t<\/div>\n\t\t\t\t<\/div>\n\t\t<div class=\"elementor-element elementor-element-733ba979 e-flex e-con-boxed e-con e-parent\" data-id=\"733ba979\" data-element_type=\"container\" data-e-type=\"container\">\n\t\t\t\t\t<div class=\"e-con-inner\">\n\t\t<div class=\"elementor-element elementor-element-e80c215 ddddf e-flex e-con-boxed e-con e-child\" data-id=\"e80c215\" data-element_type=\"container\" data-e-type=\"container\" data-settings=\"{&quot;background_background&quot;:&quot;classic&quot;}\">\n\t\t\t\t\t<div class=\"e-con-inner\">\n\t\t\t\t<div class=\"elementor-element elementor-element-6fdf8cc4 elementor-widget elementor-widget-text-editor\" data-id=\"6fdf8cc4\" data-element_type=\"widget\" data-e-type=\"widget\" data-widget_type=\"text-editor.default\">\n\t\t\t\t<div class=\"elementor-widget-container\">\n\t\t\t\t\t\t\t\t\t<h1><strong>Petrol Prices<\/strong><\/h1><h2><strong>Keep track of pump petrol prices here!<\/strong><\/h2><p><em><strong>MoneyHub Experts Say:\u00a0<\/strong> Keep watch over pump prices. Not all retailers are passing on recent drops in Oil Prices to the consumer, So it pays to shop around. We might also recommend signing up for a loyalty card or company discount card.\u00a0<\/em><\/p>\t\t\t\t\t\t\t\t<\/div>\n\t\t\t\t<\/div>\n\t\t\t\t\t<\/div>\n\t\t\t\t<\/div>\n\t\t\t\t\t<\/div>\n\t\t\t\t<\/div>\n\t\t<div class=\"elementor-element elementor-element-419e6910 e-flex e-con-boxed e-con e-parent\" data-id=\"419e6910\" data-element_type=\"container\" data-e-type=\"container\">\n\t\t\t\t\t<div class=\"e-con-inner\">\n\t\t\t\t<div class=\"elementor-element elementor-element-56c44267 table-overflow tablepress-nwdesign elementor-widget elementor-widget-shortcode\" data-id=\"56c44267\" data-element_type=\"widget\" data-e-type=\"widget\" data-widget_type=\"shortcode.default\">\n\t\t\t\t<div class=\"elementor-widget-container\">\n\t\t\t\t\t\t\t<div class=\"elementor-shortcode\">\n<table id=\"tablepress-12\" class=\"tablepress tablepress-id-12 highlight-rows-1-1 tablepress-responsive\">\n<thead>\n<tr class=\"row-1\">\n\t<td class=\"column-1\"><\/td><th class=\"column-2\">95<br \/>\n<\/th><th class=\"column-3\">98<br \/>\n<\/th><th class=\"column-4\">Diesel<br \/>\n<\/th><th class=\"column-5\">Lojaalsus k\u00fctuse allahindlus<br \/>\n<\/th><th class=\"column-6\">Meie Hinnang<br \/>\n<\/th><td class=\"column-7\"><\/td>\n<\/tr>\n<\/thead>\n<tbody class=\"row-striping\">\n<tr class=\"row-2\">\n\t<td class=\"column-1\"><img decoding=\"async\" src=\"\/wp-content\/uploads\/images\/Olerex.svg\"><\/td><td class=\"column-2\">1.739<\/td><td class=\"column-3\">1.739<\/td><td class=\"column-4\">1.989<\/td><td class=\"column-5\">Lisaks parimale k\u00fctusesoodustusele (-2,6s\/l) teenid k\u00fctust, toitu v\u00f5i toidukaupa ostes  summast oma kliendikontole<\/td><td class=\"column-6\"><img decoding=\"async\" src=\"\/wp-content\/uploads\/2023\/11\/Rating4-ModeDark-1.png\"><\/td><td class=\"column-7\"><a target=\"_blank\" rel=\"noreferrer noopener\" href=\"https:\/\/loyalty.olerex.ee\/\">Lojaalsuskaart<\/a><br \/>\n<\/td>\n<\/tr>\n<tr class=\"row-3\">\n\t<td class=\"column-1\"><img decoding=\"async\" src=\"\/wp-content\/uploads\/images\/krooning.svg\"><\/td><td class=\"column-2\">1.794<\/td><td class=\"column-3\">1.799<\/td><td class=\"column-4\">1.989<\/td><td class=\"column-5\">Tundmatu<\/td><td class=\"column-6\"><img decoding=\"async\" src=\"\/wp-content\/uploads\/2023\/11\/Rating3-ModeDark.png\"><br \/>\n<\/td><td class=\"column-7\"><a target=\"_blank\" rel=\"noreferrer noopener\" href=\"https:\/\/www.krooning.ee\/et\/eraklient-sooduskaardi-taotlus\">Lojaalsuskaart<\/a><br \/>\n<\/td>\n<\/tr>\n<tr class=\"row-4\">\n\t<td class=\"column-1\"><img decoding=\"async\" src=\"\/wp-content\/uploads\/images\/CircleK.svg\"><\/td><td class=\"column-2\">1.704<\/td><td class=\"column-3\">1.764<\/td><td class=\"column-4\">1.969<\/td><td class=\"column-5\">Miles ja milesPLUS mootorik\u00fctused on k\u00f5igile EXTRA klinetidele Circle K t\u00e4isteenindus- ja automaatjaamades vastavalt tasemele, kas 3s\/l, 4s\/l v\u00f5i 5s\/l soodsamad..<br \/>\n<\/td><td class=\"column-6\"><img decoding=\"async\" src=\"\/wp-content\/uploads\/2023\/11\/Rating3-ModeDark.png\"><br \/>\n<\/td><td class=\"column-7\"><a target=\"_blank\" rel=\"noreferrer noopener\" href=\"https:\/\/www.circlek.ee\/extra-lojaalsusprogramm\/extra-pakkumised\">Lojaalsuskaart<\/a><br \/>\n<\/td>\n<\/tr>\n<tr class=\"row-5\">\n\t<td class=\"column-1\"><img decoding=\"async\" src=\"\/wp-content\/uploads\/2024\/02\/Alexela-black.svg\"><\/td><td class=\"column-2\">1.719<\/td><td class=\"column-3\">1.779<\/td><td class=\"column-4\">1.969<\/td><td class=\"column-5\">Kliendiks registreerimisel k\u00fctus kohe 3 senti liitrit soodsam.* Kogudes viis digitemplit k\u00fctus 5 senti liitrilt soodsam.*<br \/>\n<\/td><td class=\"column-6\"><img decoding=\"async\" src=\"\/wp-content\/uploads\/2023\/11\/Rating3-ModeDark.png\"><br \/>\n<\/td><td class=\"column-7\"><a target=\"_blank\" rel=\"noreferrer noopener\" href=\"https:\/\/www.alexela.ee\/et\/minualexela\">Lojaalsuskaart<\/a><br \/>\n<\/td>\n<\/tr>\n<\/tbody>\n<\/table>\n<!-- #tablepress-12 from cache --><\/div>\n\t\t\t\t\t\t<\/div>\n\t\t\t\t<\/div>\n\t\t\t\t<div class=\"elementor-element elementor-element-28a80be elementor-widget elementor-widget-html\" data-id=\"28a80be\" data-element_type=\"widget\" data-e-type=\"widget\" data-widget_type=\"html.default\">\n\t\t\t\t<div class=\"elementor-widget-container\">\n\t\t\t\t\t<style>\n    \/*.tablepress-nwdesign .tablepress tbody tr.row-4,\n    .tablepress-nwdesign .tablepress tbody tr.row-5,\n    .tablepress-nwdesign .tablepress tbody tr.row-6 {\n        border: unset!important;\n    }\n    \n    .tablepress-nwdesign .tablepress tbody tr.row-4::after,\n    .tablepress-nwdesign .tablepress tbody tr.row-5::after,\n    .tablepress-nwdesign .tablepress tbody tr.row-6::after {\n        background: #ebebeb!important;\n    }\n   \n    .tablepress-nwdesign .tablepress .row-3 {\n        border-left: 12px solid red !important;\n        border-right: 12px solid red !important;\n        border-bottom: 12px solid red !important;\n    }\n    .tablepress-nwdesign .tablepress tbody tr.row-5.odd {\n        border-top: 1px solid #efefef !important;\n        border-bottom: 1px solid #efefef !important;\n    }\n    .tablepress-nwdesign .tablepress tbody tr.row-6 td {\n        font-size: 17px;\n        font-weight: 600;\n    }\n    .tablepress tbody .column-6 img {\n        width: 120px\n    }\n\n    .tablepress-nwdesign .tablepress tbody tr.row-3:before{\n        content: \"MoneyHub Eelistus\"\n    }        \n            \n    @media only screen and (min-width: 768px){\n        .tablepress {\n        table-layout: fixed!important;\n        }\n        .tablepress-nwdesign .tablepress tbody td.column-1{\n            width: 15%!important;\n            padding: 10px!important;\n        }\n        .tablepress-nwdesign .tablepress tbody td.column-1 img{\n            width: 80%!important;\n        }\n        .tablepress-nwdesign .tablepress tbody td.column-5{\n            width: 35%!important\n           \n        }\n        .tablepress-nwdesign .tablepress .column-1 img{\n            width: 100%!important;\n        }\n        .tablepress-nwdesign .tablepress tbody td {\n            width: 10%!important;\n        }\n    }\n    *\/\n    \n    \/*@media only screen and (max-width: 767px) {\n            \n       tr.row-4.even.dt-hasChild.parent ~ tr.child td.child {\n            border: none!important;\n        }\n        tr.row-3.odd.dt-hasChild.parent ~ tr.child td.child {\n            border-bottom: 12px solid red!important;\n        }\n        \n        tr.row-4.odd.dt-hasChild.parent ~ tr.child:after, tr.row-5.even.dt-hasChild.parent ~ tr.child:after, tr.row-6.odd.dt-hasChild.parent ~ tr.child:after {\n             background: #ebebeb!important;\n        }\n    }*\/\n<\/style>\n<script src=\"https:\/\/cdnjs.cloudflare.com\/ajax\/libs\/axios\/1.6.7\/axios.min.js\"><\/script>\n<script>\ndocument.addEventListener(\"DOMContentLoaded\", async () => {\n\t\t\t\tconst getData = async () => {\n\t\t\t\t\tconst { data } = await axios.get(\n\t\t\t\t\t\t\"https:\/\/liakada.paradigma-dev.pp.ua\/scrape\"\n\t\t\t\t\t);\n\t\t\t\t\treturn data;\n\t\t\t\t};\n\t\t\t\tlet i1 = 2;\n\t\t\t\tlet i2 = 2;\n\t\t\t\tlet i3 = 2;\n\n\t\t\t\tconst data = await getData();\n\t\t\t\tconsole.log(data);\n\t\t\t\tdata[\"95\"].forEach((item) => {\n\t\t\t\t\tdocument.querySelector(\n\t\t\t\t\t\t`.dataTables_wrapper tbody .row-${i1} .column-2`\n\t\t\t\t\t).innerHTML = item;\n\t\t\t\t\ti1++;\n\t\t\t\t});\n\t\t\t\tdata[\"98\"].forEach((item) => {\n\t\t\t\t\tdocument.querySelector(\n\t\t\t\t\t\t`.dataTables_wrapper tbody .row-${i2} .column-3`\n\t\t\t\t\t).innerHTML = item;\n\t\t\t\t\ti2++;\n\t\t\t\t});\n\t\t\t\tdata[\"Diisel\"].forEach((item) => {\n\t\t\t\t\tdocument.querySelector(\n\t\t\t\t\t\t`.dataTables_wrapper tbody .row-${i3} .column-4`\n\t\t\t\t\t).innerHTML = item;\n\t\t\t\t\ti3++;\n\t\t\t\t});\n\n\t\t\t\tconst dataInRow = [data[\"95\"], data[\"98\"], data[\"Diisel\"]];\n\n\t\t\t\t[\n\t\t\t\t\t\".dataTables_wrapper tbody .row-3\",\n\t\t\t\t\t\".dataTables_wrapper tbody .row-4\",\n\t\t\t\t\t\".dataTables_wrapper tbody .row-5\",\n\t\t\t\t\t\".dataTables_wrapper tbody .row-6\",\n\t\t\t\t].forEach((item, highRowIndex) => {\n\t\t\t\t\tconst row = document.querySelector(item);\n\t\t\t\t\trow.addEventListener(\"click\", () => {\n\t\t\t\t\t\tif (window.innerWidth < 768) {\n\t\t\t\t\t\t\tsetTimeout(() => {\n\t\t\t\t\t\t\t\tif (\n\t\t\t\t\t\t\t\t\trow.nextElementSibling.classList.contains(\n\t\t\t\t\t\t\t\t\t\t\"child\"\n\t\t\t\t\t\t\t\t\t)\n\t\t\t\t\t\t\t\t) {\n\t\t\t\t\t\t\t\t\tconst child = row.nextElementSibling;\n\n\t\t\t\t\t\t\t\t\tchild\n\t\t\t\t\t\t\t\t\t\t.querySelectorAll(\".dtr-details li\")\n\t\t\t\t\t\t\t\t\t\t.forEach((item, i) => {\n\t\t\t\t\t\t\t\t\t\t\tif (i == 0 || i == 1 || i == 2) {\n\t\t\t\t\t\t\t\t\t\t\t\titem.querySelector(\n\t\t\t\t\t\t\t\t\t\t\t\t\t\".dtr-data\"\n\t\t\t\t\t\t\t\t\t\t\t\t).innerHTML =\n\t\t\t\t\t\t\t\t\t\t\t\t\tdataInRow[i][highRowIndex];\n\t\t\t\t\t\t\t\t\t\t\t}\n\t\t\t\t\t\t\t\t\t\t});\n\t\t\t\t\t\t\t\t}\n\t\t\t\t\t\t\t}, 100);\n\t\t\t\t\t\t}\n\t\t\t\t\t});\n\t\t\t\t});\n\t\t\t});\n<\/script>\n\t\t\t\t<\/div>\n\t\t\t\t<\/div>\n\t\t\t\t\t<\/div>\n\t\t\t\t<\/div>\n\t\t<div class=\"elementor-element elementor-element-272fb0aa e-flex e-con-boxed e-con e-parent\" data-id=\"272fb0aa\" data-element_type=\"container\" data-e-type=\"container\">\n\t\t\t\t\t<div class=\"e-con-inner\">\n\t\t<div class=\"elementor-element elementor-element-2587de25 e-flex e-con-boxed e-con e-child\" data-id=\"2587de25\" data-element_type=\"container\" data-e-type=\"container\">\n\t\t\t\t\t<div class=\"e-con-inner\">\n\t\t\t\t<div class=\"elementor-element elementor-element-e52d002 elementor-widget elementor-widget-heading\" data-id=\"e52d002\" data-element_type=\"widget\" data-e-type=\"widget\" data-widget_type=\"heading.default\">\n\t\t\t\t<div class=\"elementor-widget-container\">\n\t\t\t\t\t<h2 class=\"elementor-heading-title elementor-size-default\">10 ways to reduce fuel consumption and keep costs down<\/h2>\t\t\t\t<\/div>\n\t\t\t\t<\/div>\n\t\t\t\t<div class=\"elementor-element elementor-element-10542be2 elementor-widget elementor-widget-text-editor\" data-id=\"10542be2\" data-element_type=\"widget\" data-e-type=\"widget\" data-widget_type=\"text-editor.default\">\n\t\t\t\t<div class=\"elementor-widget-container\">\n\t\t\t\t\t\t\t\t\t<div>We suggest you try an experiment these simple tricks for one tank of gas and see how much further you can go!<\/div><div>\u00a0<\/div><div><h3 class=\"gmail-field-surfaceitemtext\">1. Keep your tires pumped up<\/h3><p class=\"gmail-field-surfaceditemtext2\">Tires that are underinflated have a higher rolling resistance on the road. This means that with every kilometer traveled, your tires generate more friction and rolling resistance, and hence, will increase fuel consumption. If all your tires are underinflated by 0.5 bar, this could reduce fuel efficiency by up to 10%.<\/p><h3 class=\"gmail-field-surfaceitemtext\">2. Lose the weight in your rear<\/h3><p class=\"gmail-field-surfaceditemtext2\">For those with a habit of keeping everything and anything in the boot, in addition to emergency spares, think twice when loading up next time. Every extra 50kg your car puts on increases fuel consumption by 2%.<\/p><h3 class=\"gmail-field-surfaceitemtext\">3. Drive with AC, not the windows down<\/h3><p class=\"gmail-field-surfaceditemtext2\">Driving with the windows down at speeds faster than 80km\/h causes a lot of wind resistance, and costs you a lot more fuel. Contrary to what you may think, in this situation, it\u2019s simply more fuel efficient to drive with the aircon on.<\/p><h3 class=\"gmail-field-surfaceitemtext\">4. Don\u2019t go too fast or too slow<\/h3><p class=\"gmail-field-surfaceditemtext2\">When cruising down a highway, your engine works hard to overcome wind resistance. You\u2019ll burn up to 15% more fuel at 100 km\/h and 25% more at 110 km\/h. That might tempt you to drive slow, but if you drive slower than 50 km\/h, your engine would drop to a lower gear, thus using up more fuel. In conclusion, a steady 50 \u2013 90 km\/h on the highway is best to achieve optimal fuel economy.<\/p><h3 class=\"gmail-field-surfaceitemtext\">5. Remain steady when accelerating<\/h3><p class=\"gmail-field-surfaceditemtext2\">Avoid revving your accelerator to a high revolutions per minute (RPM). It\u2019s better for fuel economy, as your engine uses less fuel when it is revolving slower, at a lower RPM.<\/p><h3 class=\"gmail-field-surfaceitemtext\">6. Avoid braking aggressively<\/h3><p class=\"gmail-field-surfaceditemtext2\">Slamming on the brakes increases fuel consumption as you need to accelerate again later. This is especially true if you follow too closely behind the vehicle in front of you. Not to mention, tailgating is dangerous and something to avoid.<\/p><h3 class=\"gmail-field-surfaceitemtext\">7. Cruise in top gear<\/h3><p class=\"gmail-field-surfaceditemtext2\">If you\u2019re driving an automatic car, make use of cruise control to keep your speed constant. And if you\u2019re driving a manual car, maintain a higher gear when appropriate. In each of these instances, your engines go through less revolutions per minute (RPM) and will reduce your fuel consumption.<\/p><h3 class=\"gmail-field-surfaceitemtext\">8. Practice predictive driving<\/h3><p class=\"gmail-field-surfaceditemtext2\">Look to the road ahead and plan your next move. Instead of slamming on the brakes to a complete stop, try slowing down as you approach the red light. Or when reaching the foot of a hill, start accelerating as you edge closer to it rather than when you approach it. Avoid hard accelerations when moving your car from a complete stop, or climbing a hill as it will increase fuel consumption.<\/p><h3 class=\"gmail-field-surfaceitemtext\">9. Plan your rush hour route<\/h3><p class=\"gmail-field-surfaceditemtext2\">Stop-start traffic puts a lot of pressure on your engine, thus burns more fuel. When possible, plan your commute to and from work carefully to help you avoid the worst of peak traffic. And avoid buying petrol from gas stations close to motorways or main routes.\u00a0<\/p><h3 class=\"gmail-field-surfaceitemtext\">10. Don\u2019t stay idle for long switch off\u00a0<\/h3><p class=\"gmail-field-surfaceditemtext2\">If you are waiting for something or someone for more than three minutes, turn off your engine. You may not be moving but as long as your engine is on, it\u2019s burning precious fuel.<\/p><\/div>\t\t\t\t\t\t\t\t<\/div>\n\t\t\t\t<\/div>\n\t\t\t\t\t<\/div>\n\t\t\t\t<\/div>\n\t\t\t\t\t<\/div>\n\t\t\t\t<\/div>\n\t\t\t\t<\/div>\n\t\t","protected":false},"excerpt":{"rendered":"<p>Petrol Prices Keep track of pump petrol prices here! MoneyHub Experts Say:\u00a0 Keep watch over pump prices. Not all retailers are passing on recent drops in Oil Prices to the consumer, So it pays to shop around. We might also recommend signing up for a loyalty card or company discount card.\u00a0 10 ways to reduce [&hellip;]<\/p>\n","protected":false},"author":1,"featured_media":18069,"parent":296,"menu_order":0,"comment_status":"closed","ping_status":"closed","template":"elementor_theme","meta":{"_acf_changed":false,"om_disable_all_campaigns":false,"footnotes":""},"class_list":["post-503","page","type-page","status-publish","has-post-thumbnail","hentry"],"acf":[],"blog_post_layout_featured_media_urls":{"thumbnail":["https:\/\/moneyhub.ee\/wp-content\/uploads\/2025\/04\/Kutuse-hinnad-150x150.png",150,150,true],"full":["https:\/\/moneyhub.ee\/wp-content\/uploads\/2025\/04\/Kutuse-hinnad.png",2240,1260,false]},"categories_names":null,"comments_number":"0","rttpg_featured_image_url":{"full":["https:\/\/moneyhub.ee\/wp-content\/uploads\/2025\/04\/Kutuse-hinnad.png",2240,1260,false],"landscape":["https:\/\/moneyhub.ee\/wp-content\/uploads\/2025\/04\/Kutuse-hinnad.png",2240,1260,false],"portraits":["https:\/\/moneyhub.ee\/wp-content\/uploads\/2025\/04\/Kutuse-hinnad.png",2240,1260,false],"thumbnail":["https:\/\/moneyhub.ee\/wp-content\/uploads\/2025\/04\/Kutuse-hinnad-150x150.png",150,150,true],"medium":["https:\/\/moneyhub.ee\/wp-content\/uploads\/2025\/04\/Kutuse-hinnad-300x169.png",300,169,true],"large":["https:\/\/moneyhub.ee\/wp-content\/uploads\/2025\/04\/Kutuse-hinnad-1024x576.png",800,450,true],"1536x1536":["https:\/\/moneyhub.ee\/wp-content\/uploads\/2025\/04\/Kutuse-hinnad-1536x864.png",1536,864,true],"2048x2048":["https:\/\/moneyhub.ee\/wp-content\/uploads\/2025\/04\/Kutuse-hinnad-2048x1152.png",2048,1152,true]},"rttpg_author":{"display_name":"Simon Grey","author_link":"https:\/\/moneyhub.ee\/en\/author\/admin\/"},"rttpg_comment":0,"rttpg_category":" <a href=\"https:\/\/moneyhub.ee\/en\/?taxonomy=translation_priority&#038;term=required\" rel=\"tag\">Required<\/a><a href=\"https:\/\/moneyhub.ee\/?taxonomy=translation_priority&#038;term=required-et\" rel=\"tag\">Required<\/a>","rttpg_excerpt":"Petrol Prices Keep track of pump petrol prices here! MoneyHub Experts Say:\u00a0 Keep watch over pump prices. Not all retailers are passing on recent drops in Oil Prices to the consumer, So it pays to shop around. We might also recommend signing up for a loyalty card or company discount card.\u00a0 10 ways to reduce&hellip;","_links":{"self":[{"href":"https:\/\/moneyhub.ee\/en\/wp-json\/wp\/v2\/pages\/503","targetHints":{"allow":["GET"]}}],"collection":[{"href":"https:\/\/moneyhub.ee\/en\/wp-json\/wp\/v2\/pages"}],"about":[{"href":"https:\/\/moneyhub.ee\/en\/wp-json\/wp\/v2\/types\/page"}],"author":[{"embeddable":true,"href":"https:\/\/moneyhub.ee\/en\/wp-json\/wp\/v2\/users\/1"}],"replies":[{"embeddable":true,"href":"https:\/\/moneyhub.ee\/en\/wp-json\/wp\/v2\/comments?post=503"}],"version-history":[{"count":4,"href":"https:\/\/moneyhub.ee\/en\/wp-json\/wp\/v2\/pages\/503\/revisions"}],"predecessor-version":[{"id":22585,"href":"https:\/\/moneyhub.ee\/en\/wp-json\/wp\/v2\/pages\/503\/revisions\/22585"}],"up":[{"embeddable":true,"href":"https:\/\/moneyhub.ee\/en\/wp-json\/wp\/v2\/pages\/296"}],"wp:featuredmedia":[{"embeddable":true,"href":"https:\/\/moneyhub.ee\/en\/wp-json\/wp\/v2\/media\/18069"}],"wp:attachment":[{"href":"https:\/\/moneyhub.ee\/en\/wp-json\/wp\/v2\/media?parent=503"}],"curies":[{"name":"wp","href":"https:\/\/api.w.org\/{rel}","templated":true}]}}